{"id":1241,"date":"2025-05-14T11:50:20","date_gmt":"2025-05-14T11:50:20","guid":{"rendered":"https:\/\/cefeeduca.com.br\/cursos\/?page_id=1241"},"modified":"2025-05-14T20:34:18","modified_gmt":"2025-05-14T20:34:18","slug":"quem-somos","status":"publish","type":"page","link":"https:\/\/cefeeduca.com.br\/cursos\/quem-somos\/","title":{"rendered":"Quem Somos"},"content":{"rendered":"\n<h1 class=\"wp-block-heading has-text-align-center has-ast-global-color-4-color has-ast-global-color-1-background-color has-text-color has-background has-link-color wp-elements-f9a7127fbbbbfa19c11f60f4864b192d\">Quem Somos<\/h1>\n\n\n\n<hr class=\"wp-block-separator has-alpha-channel-opacity\"\/>\n\n\n\n<h2 class=\"wp-block-heading has-text-align-center\">CEFE Educa \u2b50<\/h2>\n\n\n\n<div class=\"wp-block-group alignfull is-content-justification-center is-layout-constrained wp-container-core-group-is-layout-df757ecc wp-block-group-is-layout-constrained\" style=\"margin-top:0;margin-bottom:0;padding-top:calc( 0.5 * var(--wp--style--root--padding-right, var(--wp--custom--gap--horizontal)));padding-right:var(--wp--style--root--padding-right, var(--wp--custom--gap--horizontal));padding-bottom:calc( 0.5 * var(--wp--style--root--padding-right, var(--wp--custom--gap--horizontal)));padding-left:var(--wp--style--root--padding-left, var(--wp--custom--gap--horizontal))\">\n<div style=\"height:calc( 0.25 * var(--wp--style--root--padding-right, var(--wp--custom--gap--horizontal)))\" aria-hidden=\"true\" class=\"wp-block-spacer\"><\/div>\n\n\n\n<p><\/p>\n\n\n\n<div class=\"wp-block-columns are-vertically-aligned-top is-layout-flex wp-container-core-columns-is-layout-9ef7a111 wp-block-columns-is-layout-flex\" style=\"margin-top:0px;margin-bottom:0px\">\n<div class=\"wp-block-column is-vertically-aligned-top is-layout-flow wp-block-column-is-layout-flow\">\n<div class=\"wp-block-cover is-light has-medium-font-size has-aspect-ratio\" style=\"padding-top:0;padding-bottom:0;min-height:800px;aspect-ratio:1;min-height:unset;\"><img loading=\"lazy\" decoding=\"async\" width=\"1024\" height=\"1024\" class=\"wp-block-cover__image-background wp-image-1248 size-large\" alt=\"\" src=\"https:\/\/cefeeduca.com.br\/cursos\/wp-content\/uploads\/2025\/05\/Quem-Somos-1024x1024.png\" data-object-fit=\"cover\" srcset=\"https:\/\/cefeeduca.com.br\/cursos\/wp-content\/uploads\/2025\/05\/Quem-Somos-1024x1024.png 1024w, https:\/\/cefeeduca.com.br\/cursos\/wp-content\/uploads\/2025\/05\/Quem-Somos-300x300.png 300w, https:\/\/cefeeduca.com.br\/cursos\/wp-content\/uploads\/2025\/05\/Quem-Somos-150x150.png 150w, https:\/\/cefeeduca.com.br\/cursos\/wp-content\/uploads\/2025\/05\/Quem-Somos-768x768.png 768w, https:\/\/cefeeduca.com.br\/cursos\/wp-content\/uploads\/2025\/05\/Quem-Somos-400x400.png 400w, https:\/\/cefeeduca.com.br\/cursos\/wp-content\/uploads\/2025\/05\/Quem-Somos-800x800.png 800w, https:\/\/cefeeduca.com.br\/cursos\/wp-content\/uploads\/2025\/05\/Quem-Somos-100x100.png 100w, https:\/\/cefeeduca.com.br\/cursos\/wp-content\/uploads\/2025\/05\/Quem-Somos.png 1080w\" sizes=\"auto, (max-width: 1024px) 100vw, 1024px\" \/><span aria-hidden=\"true\" class=\"wp-block-cover__background has-background-dim-0 has-background-dim\" style=\"background-color:#d5bcaa\"><\/span><div class=\"wp-block-cover__inner-container is-layout-constrained wp-block-cover-is-layout-constrained\">\n<p class=\"has-text-align-center has-large-font-size\"><\/p>\n<\/div><\/div>\n<\/div>\n\n\n\n<div class=\"wp-block-column is-vertically-aligned-top is-layout-flow wp-block-column-is-layout-flow\">\n<div class=\"wp-block-group is-layout-constrained wp-container-core-group-is-layout-4a5aaad9 wp-block-group-is-layout-constrained\" style=\"margin-top:0;margin-bottom:0;padding-top:20px;padding-right:50px;padding-bottom:20px;padding-left:50px\">\n<div class=\"wp-block-group is-layout-constrained wp-container-core-group-is-layout-cc91c3e3 wp-block-group-is-layout-constrained\">\n<div class=\"wp-block-group is-layout-constrained wp-container-core-group-is-layout-e415b0de wp-block-group-is-layout-constrained\">\n<p class=\"has-text-align-center\">O Centro de Ensino Floripa presta servi\u00e7os na \u00e1rea de Educa\u00e7\u00e3o a Dist\u00e2ncia e tem como princ\u00edpio norteador da pr\u00e1tica educacional a forma\u00e7\u00e3o do aluno como cidad\u00e3o cr\u00edtico, \u00e9tico e aut\u00f4nomo.<br>O Centro vem ofertando cursos de Educa\u00e7\u00e3o para Jovens e Adultos, T\u00e9cnicos e Profissionalizantes na modalidade a dist\u00e2ncia, procurando focar nos interesses dos n\u00e3o concluintes do Ensino Fundamental e M\u00e9dio, visando assim estimular a continuidade de sua forma\u00e7\u00e3o escolar.<br>Nosso objetivo \u00e9 o jeito de um ensino que empregue ferramentas educacionais no estado, de forma a proporcionar ao aluno uma vis\u00e3o multidisciplinar, que contribua para o entendimento da import\u00e2ncia do papel de cada aluno na realiza\u00e7\u00e3o de a\u00e7\u00f5es visando a transforma\u00e7\u00e3o e o crescimento da sociedade. O Centro de Ensino Floripa, prop\u00f5e uma Educa\u00e7\u00e3o visando a atender as exig\u00eancias sociais, dando a sua contribui\u00e7\u00e3o na busca de uma sociedade mais qualificada para atender as r\u00e1pidas mudan\u00e7as do mercado de trabalho, diminuindo, assim, as desigualdades sociais.<br>Temos como objetivo proporcionar retorno ao mundo do conhecimento e atender trabalhadores, jovens e adultos de diferentes comunidades que n\u00e3o possuem a devida escolariza\u00e7\u00e3o na idade pr\u00f3pria.<\/p>\n\n\n\n<p class=\"has-text-align-center\"><\/p>\n<\/div>\n<\/div>\n<\/div>\n<\/div>\n<\/div>\n\n\n\n<div style=\"height:calc( 0.25 * var(--wp--style--root--padding-right, var(--wp--custom--gap--horizontal)))\" aria-hidden=\"true\" class=\"wp-block-spacer\"><\/div>\n<\/div>\n\n\n\n<hr class=\"wp-block-separator has-alpha-channel-opacity\"\/>\n\n\n\n<div class=\"wp-block-group is-content-justification-center is-layout-constrained wp-container-core-group-is-layout-df757ecc wp-block-group-is-layout-constrained\" style=\"margin-top:0;margin-bottom:0;padding-top:calc( 0.5 * var(--wp--style--root--padding-right, var(--wp--custom--gap--horizontal)));padding-right:var(--wp--style--root--padding-right, var(--wp--custom--gap--horizontal));padding-bottom:calc( 0.5 * var(--wp--style--root--padding-right, var(--wp--custom--gap--horizontal)));padding-left:var(--wp--style--root--padding-left, var(--wp--custom--gap--horizontal))\">\n<div style=\"height:calc( 0.25 * var(--wp--style--root--padding-right, var(--wp--custom--gap--horizontal)))\" aria-hidden=\"true\" class=\"wp-block-spacer\"><\/div>\n\n\n\n<div class=\"wp-block-group alignwide is-layout-constrained wp-container-core-group-is-layout-7db9d80f wp-block-group-is-layout-constrained\" style=\"padding-right:0;padding-left:0\">\n<div style=\"height:4px\" aria-hidden=\"true\" class=\"wp-block-spacer\"><\/div>\n\n\n\n<div class=\"wp-block-columns alignwide is-layout-flex wp-container-core-columns-is-layout-28f84493 wp-block-columns-is-layout-flex\">\n<div class=\"wp-block-column has-border-color has-ast-global-color-7-border-color is-layout-flow wp-block-column-is-layout-flow\" style=\"border-width:1px\">\n<h3 class=\"wp-block-heading has-text-align-center has-x-large-font-size\">Miss\u00e3o<\/h3>\n\n\n\n<figure class=\"wp-block-image aligncenter size-medium has-custom-border\"><img loading=\"lazy\" decoding=\"async\" width=\"300\" height=\"300\" src=\"https:\/\/cefeeduca.com.br\/cursos\/wp-content\/uploads\/2025\/05\/Missao-300x300.png\" alt=\"\" class=\"has-border-color has-ast-global-color-4-border-color wp-image-1255\" srcset=\"https:\/\/cefeeduca.com.br\/cursos\/wp-content\/uploads\/2025\/05\/Missao-300x300.png 300w, https:\/\/cefeeduca.com.br\/cursos\/wp-content\/uploads\/2025\/05\/Missao-150x150.png 150w, https:\/\/cefeeduca.com.br\/cursos\/wp-content\/uploads\/2025\/05\/Missao-400x400.png 400w, https:\/\/cefeeduca.com.br\/cursos\/wp-content\/uploads\/2025\/05\/Missao-100x100.png 100w, https:\/\/cefeeduca.com.br\/cursos\/wp-content\/uploads\/2025\/05\/Missao.png 500w\" sizes=\"auto, (max-width: 300px) 100vw, 300px\" \/><\/figure>\n\n\n\n<p class=\"has-text-align-center\">Promover educa\u00e7\u00e3o de excel\u00eancia, contribuindo para a forma\u00e7\u00e3o de cidad\u00e3os competentes, conscientes e comprometidos com o desenvolvimento pleno da cidadania.<\/p>\n<\/div>\n\n\n\n<div class=\"wp-block-column has-border-color has-ast-global-color-7-border-color is-layout-flow wp-block-column-is-layout-flow\" style=\"border-width:1px\">\n<h3 class=\"wp-block-heading has-text-align-center has-x-large-font-size\">Vis\u00e3o<\/h3>\n\n\n\n<figure class=\"wp-block-image aligncenter size-medium has-custom-border\"><img loading=\"lazy\" decoding=\"async\" width=\"300\" height=\"300\" src=\"https:\/\/cefeeduca.com.br\/cursos\/wp-content\/uploads\/2025\/05\/Visao-1-300x300.png\" alt=\"\" class=\"has-border-color has-white-border-color wp-image-1086\" srcset=\"https:\/\/cefeeduca.com.br\/cursos\/wp-content\/uploads\/2025\/05\/Visao-1-300x300.png 300w, https:\/\/cefeeduca.com.br\/cursos\/wp-content\/uploads\/2025\/05\/Visao-1-150x150.png 150w, https:\/\/cefeeduca.com.br\/cursos\/wp-content\/uploads\/2025\/05\/Visao-1-400x400.png 400w, https:\/\/cefeeduca.com.br\/cursos\/wp-content\/uploads\/2025\/05\/Visao-1-100x100.png 100w, https:\/\/cefeeduca.com.br\/cursos\/wp-content\/uploads\/2025\/05\/Visao-1.png 500w\" sizes=\"auto, (max-width: 300px) 100vw, 300px\" \/><\/figure>\n\n\n\n<p class=\"has-text-align-center\">Ser um centro de ensino inovador de aprendizagem integral, que educa para uma forma\u00e7\u00e3o universal, com gest\u00e3o colaborativa e sustent\u00e1vel.<\/p>\n<\/div>\n\n\n\n<div class=\"wp-block-column has-border-color has-ast-global-color-7-border-color is-layout-flow wp-block-column-is-layout-flow\" style=\"border-width:1px\">\n<h3 class=\"wp-block-heading has-text-align-center has-x-large-font-size\">Valores<\/h3>\n\n\n\n<figure class=\"wp-block-image aligncenter size-medium has-custom-border\"><img loading=\"lazy\" decoding=\"async\" width=\"300\" height=\"300\" src=\"https:\/\/cefeeduca.com.br\/cursos\/wp-content\/uploads\/2025\/05\/Valores-300x300.png\" alt=\"\" class=\"has-border-color has-ast-global-color-4-border-color wp-image-1256\" srcset=\"https:\/\/cefeeduca.com.br\/cursos\/wp-content\/uploads\/2025\/05\/Valores-300x300.png 300w, https:\/\/cefeeduca.com.br\/cursos\/wp-content\/uploads\/2025\/05\/Valores-150x150.png 150w, https:\/\/cefeeduca.com.br\/cursos\/wp-content\/uploads\/2025\/05\/Valores-400x400.png 400w, https:\/\/cefeeduca.com.br\/cursos\/wp-content\/uploads\/2025\/05\/Valores-100x100.png 100w, https:\/\/cefeeduca.com.br\/cursos\/wp-content\/uploads\/2025\/05\/Valores.png 500w\" sizes=\"auto, (max-width: 300px) 100vw, 300px\" \/><\/figure>\n\n\n\n<p class=\"has-text-align-center\">\u00c9tica, respeito, inclus\u00e3o social, sustentabilidade e justi\u00e7a.<\/p>\n<\/div>\n<\/div>\n<\/div>\n\n\n\n<div style=\"height:calc( 0.25 * var(--wp--style--root--padding-right, var(--wp--custom--gap--horizontal)))\" aria-hidden=\"true\" class=\"wp-block-spacer\"><\/div>\n<\/div>\n\n\n\n<div class=\"wp-block-group has-contrast-color has-ast-global-color-6-background-color has-text-color has-background is-vertical is-content-justification-center is-layout-flex wp-container-core-group-is-layout-f306f087 wp-block-group-is-layout-flex\" style=\"min-height:40vh;margin-top:0;margin-bottom:0;padding-top:var(--wp--preset--spacing--60);padding-right:var(--wp--preset--spacing--50);padding-bottom:var(--wp--preset--spacing--60);padding-left:var(--wp--preset--spacing--50)\">\n<figure class=\"wp-block-image size-full is-resized\"><img loading=\"lazy\" decoding=\"async\" width=\"512\" height=\"512\" src=\"https:\/\/cefeeduca.com.br\/cursos\/wp-content\/uploads\/2025\/05\/cropped-CEFE-Logo-Icone.png\" alt=\"\" class=\"wp-image-963\" style=\"width:60px\" srcset=\"https:\/\/cefeeduca.com.br\/cursos\/wp-content\/uploads\/2025\/05\/cropped-CEFE-Logo-Icone.png 512w, https:\/\/cefeeduca.com.br\/cursos\/wp-content\/uploads\/2025\/05\/cropped-CEFE-Logo-Icone-300x300.png 300w, https:\/\/cefeeduca.com.br\/cursos\/wp-content\/uploads\/2025\/05\/cropped-CEFE-Logo-Icone-150x150.png 150w, https:\/\/cefeeduca.com.br\/cursos\/wp-content\/uploads\/2025\/05\/cropped-CEFE-Logo-Icone-100x100.png 100w, https:\/\/cefeeduca.com.br\/cursos\/wp-content\/uploads\/2025\/05\/cropped-CEFE-Logo-Icone-270x270.png 270w, https:\/\/cefeeduca.com.br\/cursos\/wp-content\/uploads\/2025\/05\/cropped-CEFE-Logo-Icone-192x192.png 192w, https:\/\/cefeeduca.com.br\/cursos\/wp-content\/uploads\/2025\/05\/cropped-CEFE-Logo-Icone-180x180.png 180w, https:\/\/cefeeduca.com.br\/cursos\/wp-content\/uploads\/2025\/05\/cropped-CEFE-Logo-Icone-32x32.png 32w\" sizes=\"auto, (max-width: 512px) 100vw, 512px\" \/><\/figure>\n\n\n\n<p class=\"has-text-align-center has-ast-global-color-4-color has-text-color has-link-color has-medium-font-size wp-elements-760c275365b8fe76e4e8acf26dc556b0\"><strong>CEFE Educa<\/strong><br>&#8220;<em>Educa\u00e7\u00e3o que liberta, transforma e impulsiona.<\/em>&#8220;<\/p>\n\n\n\n<ul class=\"wp-block-social-links has-large-icon-size is-style-logos-only is-content-justification-center is-nowrap is-layout-flex wp-container-core-social-links-is-layout-8f28c658 wp-block-social-links-is-layout-flex\"><li class=\"wp-social-link wp-social-link-facebook  wp-block-social-link\"><a rel=\"noopener nofollow\" target=\"_blank\" href=\"https:\/\/www.facebook.com\/cefeeduca\" class=\"wp-block-social-link-anchor\"><svg width=\"24\" height=\"24\" viewBox=\"0 0 24 24\" version=\"1.1\" xmlns=\"http:\/\/www.w3.org\/2000\/svg\" aria-hidden=\"true\" focusable=\"false\"><path d=\"M12 2C6.5 2 2 6.5 2 12c0 5 3.7 9.1 8.4 9.9v-7H7.9V12h2.5V9.8c0-2.5 1.5-3.9 3.8-3.9 1.1 0 2.2.2 2.2.2v2.5h-1.3c-1.2 0-1.6.8-1.6 1.6V12h2.8l-.4 2.9h-2.3v7C18.3 21.1 22 17 22 12c0-5.5-4.5-10-10-10z\"><\/path><\/svg><span class=\"wp-block-social-link-label screen-reader-text\">Facebook<\/span><\/a><\/li>\n\n<li class=\"wp-social-link wp-social-link-instagram  wp-block-social-link\"><a rel=\"noopener nofollow\" target=\"_blank\" href=\"https:\/\/www.instagram.com\/cefeeduca\/\" class=\"wp-block-social-link-anchor\"><svg width=\"24\" height=\"24\" viewBox=\"0 0 24 24\" version=\"1.1\" xmlns=\"http:\/\/www.w3.org\/2000\/svg\" aria-hidden=\"true\" focusable=\"false\"><path d=\"M12,4.622c2.403,0,2.688,0.009,3.637,0.052c0.877,0.04,1.354,0.187,1.671,0.31c0.42,0.163,0.72,0.358,1.035,0.673 c0.315,0.315,0.51,0.615,0.673,1.035c0.123,0.317,0.27,0.794,0.31,1.671c0.043,0.949,0.052,1.234,0.052,3.637 s-0.009,2.688-0.052,3.637c-0.04,0.877-0.187,1.354-0.31,1.671c-0.163,0.42-0.358,0.72-0.673,1.035 c-0.315,0.315-0.615,0.51-1.035,0.673c-0.317,0.123-0.794,0.27-1.671,0.31c-0.949,0.043-1.233,0.052-3.637,0.052 s-2.688-0.009-3.637-0.052c-0.877-0.04-1.354-0.187-1.671-0.31c-0.42-0.163-0.72-0.358-1.035-0.673 c-0.315-0.315-0.51-0.615-0.673-1.035c-0.123-0.317-0.27-0.794-0.31-1.671C4.631,14.688,4.622,14.403,4.622,12 s0.009-2.688,0.052-3.637c0.04-0.877,0.187-1.354,0.31-1.671c0.163-0.42,0.358-0.72,0.673-1.035 c0.315-0.315,0.615-0.51,1.035-0.673c0.317-0.123,0.794-0.27,1.671-0.31C9.312,4.631,9.597,4.622,12,4.622 M12,3 C9.556,3,9.249,3.01,8.289,3.054C7.331,3.098,6.677,3.25,6.105,3.472C5.513,3.702,5.011,4.01,4.511,4.511 c-0.5,0.5-0.808,1.002-1.038,1.594C3.25,6.677,3.098,7.331,3.054,8.289C3.01,9.249,3,9.556,3,12c0,2.444,0.01,2.751,0.054,3.711 c0.044,0.958,0.196,1.612,0.418,2.185c0.23,0.592,0.538,1.094,1.038,1.594c0.5,0.5,1.002,0.808,1.594,1.038 c0.572,0.222,1.227,0.375,2.185,0.418C9.249,20.99,9.556,21,12,21s2.751-0.01,3.711-0.054c0.958-0.044,1.612-0.196,2.185-0.418 c0.592-0.23,1.094-0.538,1.594-1.038c0.5-0.5,0.808-1.002,1.038-1.594c0.222-0.572,0.375-1.227,0.418-2.185 C20.99,14.751,21,14.444,21,12s-0.01-2.751-0.054-3.711c-0.044-0.958-0.196-1.612-0.418-2.185c-0.23-0.592-0.538-1.094-1.038-1.594 c-0.5-0.5-1.002-0.808-1.594-1.038c-0.572-0.222-1.227-0.375-2.185-0.418C14.751,3.01,14.444,3,12,3L12,3z M12,7.378 c-2.552,0-4.622,2.069-4.622,4.622S9.448,16.622,12,16.622s4.622-2.069,4.622-4.622S14.552,7.378,12,7.378z M12,15 c-1.657,0-3-1.343-3-3s1.343-3,3-3s3,1.343,3,3S13.657,15,12,15z M16.804,6.116c-0.596,0-1.08,0.484-1.08,1.08 s0.484,1.08,1.08,1.08c0.596,0,1.08-0.484,1.08-1.08S17.401,6.116,16.804,6.116z\"><\/path><\/svg><span class=\"wp-block-social-link-label screen-reader-text\">Instagram<\/span><\/a><\/li><\/ul>\n<\/div>\n","protected":false},"excerpt":{"rendered":"<p>Quem Somos CEFE Educa \u2b50 O Centro de Ensino Floripa presta servi\u00e7os na \u00e1rea de Educa\u00e7\u00e3o a Dist\u00e2ncia e tem [&hellip;]<\/p>\n","protected":false},"author":3,"featured_media":0,"parent":0,"menu_order":0,"comment_status":"closed","ping_status":"closed","template":"","meta":{"site-sidebar-layout":"default","site-content-layout":"","ast-site-content-layout":"","site-content-style":"default","site-sidebar-style":"default","ast-global-header-display":"","ast-banner-title-visibility":"","ast-main-header-display":"","ast-hfb-above-header-display":"","ast-hfb-below-header-display":"","ast-hfb-mobile-header-display":"","site-post-title":"disabled","ast-breadcrumbs-content":"","ast-featured-img":"","footer-sml-layout":"","theme-transparent-header-meta":"","adv-header-id-meta":"","stick-header-meta":"","header-above-stick-meta":"","header-main-stick-meta":"","header-below-stick-meta":"","astra-migrate-meta-layouts":"default","ast-page-background-enabled":"default","ast-page-background-meta":{"desktop":{"background-color":"var(--ast-global-color-5)","background-image":"","background-repeat":"repeat","background-position":"center center","background-size":"auto","background-attachment":"scroll","background-type":"","background-media":"","overlay-type":"","overlay-color":"","overlay-opacity":"","overlay-gradient":""},"tablet":{"background-color":"","background-image":"","background-repeat":"repeat","background-position":"center center","background-size":"auto","background-attachment":"scroll","background-type":"","background-media":"","overlay-type":"","overlay-color":"","overlay-opacity":"","overlay-gradient":""},"mobile":{"background-color":"","background-image":"","background-repeat":"repeat","background-position":"center center","background-size":"auto","background-attachment":"scroll","background-type":"","background-media":"","overlay-type":"","overlay-color":"","overlay-opacity":"","overlay-gradient":""}},"ast-content-background-meta":{"desktop":{"background-color":"var(--ast-global-color-4)","background-image":"","background-repeat":"repeat","background-position":"center center","background-size":"auto","background-attachment":"scroll","background-type":"","background-media":"","overlay-type":"","overlay-color":"","overlay-opacity":"","overlay-gradient":""},"tablet":{"background-color":"var(--ast-global-color-4)","background-image":"","background-repeat":"repeat","background-position":"center center","background-size":"auto","background-attachment":"scroll","background-type":"","background-media":"","overlay-type":"","overlay-color":"","overlay-opacity":"","overlay-gradient":""},"mobile":{"background-color":"var(--ast-global-color-4)","background-image":"","background-repeat":"repeat","background-position":"center center","background-size":"auto","background-attachment":"scroll","background-type":"","background-media":"","overlay-type":"","overlay-color":"","overlay-opacity":"","overlay-gradient":""}},"_joinchat":[],"footnotes":""},"class_list":["post-1241","page","type-page","status-publish","hentry"],"_links":{"self":[{"href":"https:\/\/cefeeduca.com.br\/cursos\/wp-json\/wp\/v2\/pages\/1241","targetHints":{"allow":["GET"]}}],"collection":[{"href":"https:\/\/cefeeduca.com.br\/cursos\/wp-json\/wp\/v2\/pages"}],"about":[{"href":"https:\/\/cefeeduca.com.br\/cursos\/wp-json\/wp\/v2\/types\/page"}],"author":[{"embeddable":true,"href":"https:\/\/cefeeduca.com.br\/cursos\/wp-json\/wp\/v2\/users\/3"}],"replies":[{"embeddable":true,"href":"https:\/\/cefeeduca.com.br\/cursos\/wp-json\/wp\/v2\/comments?post=1241"}],"version-history":[{"count":32,"href":"https:\/\/cefeeduca.com.br\/cursos\/wp-json\/wp\/v2\/pages\/1241\/revisions"}],"predecessor-version":[{"id":1395,"href":"https:\/\/cefeeduca.com.br\/cursos\/wp-json\/wp\/v2\/pages\/1241\/revisions\/1395"}],"wp:attachment":[{"href":"https:\/\/cefeeduca.com.br\/cursos\/wp-json\/wp\/v2\/media?parent=1241"}],"curies":[{"name":"wp","href":"https:\/\/api.w.org\/{rel}","templated":true}]}}