{"id":1406,"date":"2025-05-16T15:45:06","date_gmt":"2025-05-16T15:45:06","guid":{"rendered":"https:\/\/cefeeduca.com.br\/cursos\/?post_type=product&#038;p=1406"},"modified":"2025-09-17T19:36:27","modified_gmt":"2025-09-17T19:36:27","slug":"tecnico-em-design-de-interiores","status":"publish","type":"product","link":"https:\/\/cefeeduca.com.br\/cursos\/curso\/tecnico-em-design-de-interiores\/","title":{"rendered":"T\u00e9cnico em Design de Interiores"},"content":{"rendered":"<table>\n<tbody>\n<tr>\n<td colspan=\"5\" width=\"667\"><strong>\u00a0<\/strong><\/td>\n<\/tr>\n<tr>\n<td width=\"140\"><strong>MODULOS<\/strong><\/td>\n<td width=\"325\"><strong>DISCIPLINA<\/strong><\/td>\n<td width=\"61\"><strong>CH**<\/strong><\/td>\n<td width=\"71\"><strong>CH PRES*<\/strong><\/td>\n<td width=\"70\"><strong>CH TOTAL<\/strong><\/td>\n<\/tr>\n<tr>\n<td rowspan=\"5\" width=\"140\"><strong>\u00a0<\/strong><\/p>\n<p><strong>\u00a0<\/strong><\/p>\n<p><strong>\u00a0<\/strong><\/p>\n<p><strong>M\u00d3DULO I<\/strong><\/p>\n<p><strong>Fundamenta\u00e7\u00e3o<\/strong><\/td>\n<td width=\"325\">Est\u00e9tica e Hist\u00f3ria da Arte<\/td>\n<td width=\"61\">60<\/td>\n<td width=\"71\">08<\/td>\n<td rowspan=\"5\" width=\"70\"><strong>\u00a0<\/strong><\/p>\n<p><strong>\u00a0<\/strong><\/p>\n<p><strong>\u00a0<\/strong><\/p>\n<p><strong>308<\/strong><\/td>\n<\/tr>\n<tr>\n<td width=\"325\">Desenho T\u00e9cnico e Arquitet\u00f4nico<\/td>\n<td width=\"61\">60<\/td>\n<td width=\"71\">08<\/td>\n<\/tr>\n<tr>\n<td width=\"325\">Ergonomia, Sa\u00fade e Seguran\u00e7a Ocupacional<\/td>\n<td width=\"61\">60<\/td>\n<td width=\"71\">08<\/td>\n<\/tr>\n<tr>\n<td width=\"325\">Desenho de Moveis 1,2 e 3<\/td>\n<td width=\"61\">98<\/td>\n<td width=\"71\">14<\/td>\n<\/tr>\n<tr>\n<td width=\"325\"><strong>TOTAL CARGA HOR\u00c1RIA M\u00d3DULO I<\/strong><\/td>\n<td width=\"61\"><strong>278<\/strong><\/td>\n<td width=\"71\"><strong>30<\/strong><\/td>\n<\/tr>\n<tr>\n<td rowspan=\"6\" width=\"140\"><strong>\u00a0<\/strong><\/p>\n<p><strong>\u00a0<\/strong><\/p>\n<p><strong>\u00a0<\/strong><\/p>\n<p><strong>\u00a0<\/strong><\/p>\n<p><strong>M\u00d3DULO II<\/strong><\/p>\n<p><strong>Espec\u00edfico<\/strong><\/td>\n<td width=\"325\">Ambienta\u00e7\u00e3o e Decora\u00e7\u00e3o em CAD 3D e<\/p>\n<p>SKETCHUT<\/td>\n<td width=\"61\">98<\/td>\n<td width=\"71\">14<\/td>\n<td rowspan=\"6\" width=\"70\"><strong>\u00a0<\/strong><\/p>\n<p><strong>\u00a0<\/strong><\/p>\n<p><strong>\u00a0<\/strong><\/p>\n<p><strong>\u00a0<\/strong><\/p>\n<p><strong>\u00a0<\/strong><\/p>\n<p><strong>494<\/strong><\/td>\n<\/tr>\n<tr>\n<td width=\"325\">Desenho T\u00e9cnico de Plantas Arquitet\u00f4nicas em CAD e SKETCHUT<\/td>\n<td width=\"61\">98<\/td>\n<td width=\"71\">14<\/td>\n<\/tr>\n<tr>\n<td width=\"325\">Design de Paisagismo<\/td>\n<td width=\"61\">98<\/td>\n<td width=\"71\">14<\/td>\n<\/tr>\n<tr>\n<td width=\"325\">Elabora\u00e7\u00e3o de Or\u00e7amento<\/td>\n<td width=\"61\">65<\/td>\n<td width=\"71\">12<\/td>\n<\/tr>\n<tr>\n<td width=\"325\">Concep\u00e7\u00e3o e Desenvolvimento de Projetos interiores<\/td>\n<td width=\"61\">65<\/td>\n<td width=\"71\">12<\/td>\n<\/tr>\n<tr>\n<td width=\"325\"><strong>TOTAL CARGA HOR\u00c1RIA M\u00d3DULO II<\/strong><\/td>\n<td width=\"61\"><strong>424<\/strong><\/td>\n<td width=\"71\"><strong>70<\/strong><\/td>\n<\/tr>\n<tr>\n<td rowspan=\"6\" width=\"140\"><strong>\u00a0<\/strong><\/p>\n<p><strong>\u00a0<\/strong><\/p>\n<p><strong>\u00a0<\/strong><\/p>\n<p><strong>\u00a0<\/strong><\/p>\n<p><strong>M\u00d3DULO III<\/strong><\/p>\n<p><strong>Complementar<\/strong><\/td>\n<td width=\"325\">Gest\u00e3o \u00e1gil de projetos de design<\/td>\n<td width=\"61\">60<\/td>\n<td width=\"71\">08<\/td>\n<td rowspan=\"6\" width=\"70\"><strong>\u00a0<\/strong><\/p>\n<p><strong>\u00a0<\/strong><\/p>\n<p><strong>\u00a0<\/strong><\/p>\n<p><strong>\u00a0<\/strong><\/p>\n<p><strong>358<\/strong><\/td>\n<\/tr>\n<tr>\n<td width=\"325\">Prote\u00e7\u00e3o do Meio Ambiente e Sustentabilidade<\/td>\n<td width=\"61\">65<\/td>\n<td width=\"71\">12<\/td>\n<\/tr>\n<tr>\n<td width=\"325\">Planejamento e Acompanhamento de Obras de Interior<\/td>\n<td width=\"61\">65<\/td>\n<td width=\"71\">12<\/td>\n<\/tr>\n<tr>\n<td width=\"325\">Empreendedorismo<\/td>\n<td width=\"61\">60<\/td>\n<td width=\"71\">08<\/td>\n<\/tr>\n<tr>\n<td width=\"325\">Ingl\u00eas Instrumental<\/td>\n<td width=\"61\">60<\/td>\n<td width=\"71\">08<\/td>\n<\/tr>\n<tr>\n<td width=\"325\"><strong>TOTAL CARGA HOR\u00c1RIA M\u00d3DULO III<\/strong><\/td>\n<td width=\"61\"><strong>310<\/strong><\/td>\n<td width=\"71\"><strong>48<\/strong><\/td>\n<\/tr>\n<tr>\n<td width=\"140\"><strong>M\u00d3DULO IV<\/strong><\/td>\n<td width=\"325\">Estudos Dirigido<\/td>\n<td width=\"61\"><strong>10<\/strong><\/td>\n<td width=\"71\"><strong>40<\/strong><\/td>\n<td width=\"70\"><strong>50<\/strong><\/td>\n<\/tr>\n<tr>\n<td colspan=\"2\" width=\"465\"><strong>CARGA HORARIA TOTAL DO CURSO T\u00c9CNICO EM DESIGN DE INTERIORES<\/strong><\/td>\n<td width=\"61\"><strong>1022<\/strong><\/td>\n<td width=\"71\"><strong>188<\/strong><\/td>\n<td width=\"70\"><strong>1210<\/strong><\/td>\n<\/tr>\n<\/tbody>\n<\/table>\n","protected":false},"excerpt":{"rendered":"<p>Transforme espa\u00e7os e realize sonhos com o curso T\u00e9cnico em Design de Interiores. Voc\u00ea aprender\u00e1 a planejar, projetar e executar ambientes residenciais, comerciais e corporativos, combinando est\u00e9tica, funcionalidade e sustentabilidade. Adquira conhecimentos em desenho t\u00e9cnico, hist\u00f3ria da arte e softwares de projeto para criar espa\u00e7os \u00fanicos e personalizados.<\/p>\n","protected":false},"featured_media":1407,"comment_status":"open","ping_status":"closed","template":"","meta":{"site-sidebar-layout":"default","site-content-layout":"","ast-site-content-layout":"default","site-content-style":"default","site-sidebar-style":"default","ast-global-header-display":"","ast-banner-title-visibility":"","ast-main-header-display":"","ast-hfb-above-header-display":"","ast-hfb-below-header-display":"","ast-hfb-mobile-header-display":"","site-post-title":"","ast-breadcrumbs-content":"","ast-featured-img":"","footer-sml-layout":"","theme-transparent-header-meta":"default","adv-header-id-meta":"","stick-header-meta":"","header-above-stick-meta":"","header-main-stick-meta":"","header-below-stick-meta":"","astra-migrate-meta-layouts":"set","ast-page-background-enabled":"default","ast-page-background-meta":{"desktop":{"background-color":"var(--ast-global-color-5)","background-image":"","background-repeat":"repeat","background-position":"center center","background-size":"auto","background-attachment":"scroll","background-type":"","background-media":"","overlay-type":"","overlay-color":"","overlay-opacity":"","overlay-gradient":""},"tablet":{"background-color":"","background-image":"","background-repeat":"repeat","background-position":"center center","background-size":"auto","background-attachment":"scroll","background-type":"","background-media":"","overlay-type":"","overlay-color":"","overlay-opacity":"","overlay-gradient":""},"mobile":{"background-color":"","background-image":"","background-repeat":"repeat","background-position":"center center","background-size":"auto","background-attachment":"scroll","background-type":"","background-media":"","overlay-type":"","overlay-color":"","overlay-opacity":"","overlay-gradient":""}},"ast-content-background-meta":{"desktop":{"background-color":"var(--ast-global-color-4)","background-image":"","background-repeat":"repeat","background-position":"center center","background-size":"auto","background-attachment":"scroll","background-type":"","background-media":"","overlay-type":"","overlay-color":"","overlay-opacity":"","overlay-gradient":""},"tablet":{"background-color":"var(--ast-global-color-4)","background-image":"","background-repeat":"repeat","background-position":"center center","background-size":"auto","background-attachment":"scroll","background-type":"","background-media":"","overlay-type":"","overlay-color":"","overlay-opacity":"","overlay-gradient":""},"mobile":{"background-color":"var(--ast-global-color-4)","background-image":"","background-repeat":"repeat","background-position":"center center","background-size":"auto","background-attachment":"scroll","background-type":"","background-media":"","overlay-type":"","overlay-color":"","overlay-opacity":"","overlay-gradient":""}},"_joinchat":[]},"product_brand":[],"product_cat":[15],"product_tag":[],"class_list":{"0":"post-1406","1":"product","2":"type-product","3":"status-publish","4":"has-post-thumbnail","6":"product_cat-tecnicos","7":"desktop-align-left","8":"tablet-align-left","9":"mobile-align-left","11":"first","12":"instock","13":"downloadable","14":"virtual","15":"product-type-simple"},"_links":{"self":[{"href":"https:\/\/cefeeduca.com.br\/cursos\/wp-json\/wp\/v2\/product\/1406","targetHints":{"allow":["GET"]}}],"collection":[{"href":"https:\/\/cefeeduca.com.br\/cursos\/wp-json\/wp\/v2\/product"}],"about":[{"href":"https:\/\/cefeeduca.com.br\/cursos\/wp-json\/wp\/v2\/types\/product"}],"replies":[{"embeddable":true,"href":"https:\/\/cefeeduca.com.br\/cursos\/wp-json\/wp\/v2\/comments?post=1406"}],"wp:featuredmedia":[{"embeddable":true,"href":"https:\/\/cefeeduca.com.br\/cursos\/wp-json\/wp\/v2\/media\/1407"}],"wp:attachment":[{"href":"https:\/\/cefeeduca.com.br\/cursos\/wp-json\/wp\/v2\/media?parent=1406"}],"wp:term":[{"taxonomy":"product_brand","embeddable":true,"href":"https:\/\/cefeeduca.com.br\/cursos\/wp-json\/wp\/v2\/product_brand?post=1406"},{"taxonomy":"product_cat","embeddable":true,"href":"https:\/\/cefeeduca.com.br\/cursos\/wp-json\/wp\/v2\/product_cat?post=1406"},{"taxonomy":"product_tag","embeddable":true,"href":"https:\/\/cefeeduca.com.br\/cursos\/wp-json\/wp\/v2\/product_tag?post=1406"}],"curies":[{"name":"wp","href":"https:\/\/api.w.org\/{rel}","templated":true}]}}