{"id":1410,"date":"2025-05-16T15:52:27","date_gmt":"2025-05-16T15:52:27","guid":{"rendered":"https:\/\/cefeeduca.com.br\/cursos\/?post_type=product&#038;p=1410"},"modified":"2025-09-17T19:38:11","modified_gmt":"2025-09-17T19:38:11","slug":"tecnico-em-recursos-humanos","status":"publish","type":"product","link":"https:\/\/cefeeduca.com.br\/cursos\/curso\/tecnico-em-recursos-humanos\/","title":{"rendered":"T\u00e9cnico em Recursos Humanos"},"content":{"rendered":"<table>\n<tbody>\n<tr>\n<td colspan=\"5\" width=\"650\"><strong>\u00a0<\/strong><\/td>\n<\/tr>\n<tr>\n<td width=\"130\"><strong>MODULOS<\/strong><\/td>\n<td width=\"302\"><strong>DISCIPLINA<\/strong><\/td>\n<td width=\"66\"><strong>CH**<\/strong><\/td>\n<td width=\"76\"><strong>CH PRES*<\/strong><\/td>\n<td width=\"75\"><strong>CH TOTAL<\/strong><\/td>\n<\/tr>\n<tr>\n<td rowspan=\"5\" width=\"130\"><strong>\u00a0<\/strong><\/p>\n<p><strong>\u00a0<\/strong><\/p>\n<p><strong>\u00a0<\/strong><\/p>\n<p><strong>M\u00d3DULO I<\/strong><\/p>\n<p><strong>Fundamenta\u00e7\u00e3o<\/strong><\/td>\n<td width=\"302\">Recursos Humanos: Fundamentos e Processos<\/td>\n<td width=\"66\">38<\/td>\n<td width=\"76\">04<\/td>\n<td rowspan=\"4\" width=\"75\"><\/td>\n<\/tr>\n<tr>\n<td width=\"302\">Administra\u00e7\u00e3o de Conflitos e Equipes<\/td>\n<td width=\"66\">78<\/td>\n<td width=\"76\">12<\/td>\n<\/tr>\n<tr>\n<td width=\"302\">Gest\u00e3o Estrat\u00e9gica e Planejamento em RH<\/td>\n<td width=\"66\">78<\/td>\n<td width=\"76\">12<\/td>\n<\/tr>\n<tr>\n<td width=\"302\">Direito Previdenci\u00e1rios<\/td>\n<td width=\"66\">38<\/td>\n<td width=\"76\">04<\/td>\n<\/tr>\n<tr>\n<td width=\"302\"><strong>TOTAL CARGA HOR\u00c1RIA M\u00d3DULO I<\/strong><\/td>\n<td width=\"66\"><strong>232<\/strong><\/td>\n<td width=\"76\"><strong>32<\/strong><\/td>\n<td width=\"75\"><strong>264<\/strong><\/td>\n<\/tr>\n<tr>\n<td rowspan=\"5\" width=\"130\"><strong>\u00a0<\/strong><\/p>\n<p><strong>\u00a0<\/strong><\/p>\n<p><strong>\u00a0<\/strong><\/p>\n<p><strong>M\u00d3DULO II<\/strong><\/p>\n<p><strong>T\u00e9cnico<\/strong><\/td>\n<td width=\"302\">Planejamento Recrutamento e Sele\u00e7\u00e3o<\/td>\n<td width=\"66\">78<\/td>\n<td width=\"76\">12<\/td>\n<td rowspan=\"4\" width=\"75\"><\/td>\n<\/tr>\n<tr>\n<td width=\"302\">Treinamento e Desenvolvimento de Pessoas<\/td>\n<td width=\"66\">38<\/td>\n<td width=\"76\">04<\/td>\n<\/tr>\n<tr>\n<td width=\"302\">Gest\u00e3o de Carreira<\/td>\n<td width=\"66\">78<\/td>\n<td width=\"76\">12<\/td>\n<\/tr>\n<tr>\n<td width=\"302\">Avalia\u00e7\u00e3o de Desempenho de Pessoas<\/td>\n<td width=\"66\">38<\/td>\n<td width=\"76\">04<\/td>\n<\/tr>\n<tr>\n<td width=\"302\"><strong>TOTAL CARGA HOR\u00c1RIA M\u00d3DULO II<\/strong><\/td>\n<td width=\"66\"><strong>232<\/strong><\/td>\n<td width=\"76\"><strong>32<\/strong><\/td>\n<td width=\"75\"><strong>264<\/strong><\/td>\n<\/tr>\n<tr>\n<td rowspan=\"6\" width=\"130\"><strong>\u00a0<\/strong><\/p>\n<p><strong>\u00a0<\/strong><\/p>\n<p><strong>\u00a0<\/strong><\/p>\n<p><strong>\u00a0<\/strong><\/p>\n<p><strong>M\u00d3DULO III<\/strong><\/p>\n<p><strong>Complementar<\/strong><\/td>\n<td width=\"302\">Gest\u00e3o de Pessoas: Atualidades e Tend\u00eancias<\/td>\n<td width=\"66\">48<\/td>\n<td width=\"76\">06<\/td>\n<td width=\"75\"><\/td>\n<\/tr>\n<tr>\n<td width=\"302\">Seguran\u00e7a e Sa\u00fade Ocupacional<\/td>\n<td width=\"66\">48<\/td>\n<td width=\"76\">06<\/td>\n<td rowspan=\"3\" width=\"75\"><\/td>\n<\/tr>\n<tr>\n<td width=\"302\">Portugu\u00eas Instrumental\/reda\u00e7\u00e3o empresarial<\/td>\n<td width=\"66\">48<\/td>\n<td width=\"76\">06<\/td>\n<\/tr>\n<tr>\n<td width=\"302\">C\u00e1lculo trabalhista (caderno I e II)<\/td>\n<td width=\"66\">48<\/td>\n<td width=\"76\">06<\/td>\n<\/tr>\n<tr>\n<td width=\"302\">LGPD: Lei de Prote\u00e7\u00e3o de Dados Pessoais<\/td>\n<td width=\"66\">48<\/td>\n<td width=\"76\">06<\/td>\n<td width=\"75\"><\/td>\n<\/tr>\n<tr>\n<td width=\"302\"><strong>TOTAL CARGA HOR\u00c1RIA M\u00d3DULO III<\/strong><\/td>\n<td width=\"66\"><strong>240<\/strong><\/td>\n<td width=\"76\"><strong>30<\/strong><\/td>\n<td width=\"75\"><strong>270<\/strong><\/td>\n<\/tr>\n<tr>\n<td width=\"130\"><strong>M\u00d3DULO IV<\/strong><\/td>\n<td width=\"302\">Estudos Dirigido<\/td>\n<td width=\"66\"><strong>10<\/strong><\/td>\n<td width=\"76\">40<\/td>\n<td width=\"75\"><strong>50<\/strong><\/td>\n<\/tr>\n<tr>\n<td colspan=\"2\" width=\"433\"><strong>CARGA HORARIA TOTAL DO CURSO T\u00c9CNICO EM RH<\/strong><\/td>\n<td width=\"66\"><strong>714<\/strong><\/td>\n<td width=\"76\"><strong>134<\/strong><\/td>\n<td width=\"75\"><strong>848<\/strong><\/td>\n<\/tr>\n<\/tbody>\n<\/table>\n","protected":false},"excerpt":{"rendered":"<p>Seja o gestor do ativo mais importante de uma empresa: as pessoas. O curso T\u00e9cnico em Recursos Humanos capacita voc\u00ea para atuar no recrutamento e sele\u00e7\u00e3o, treinamento e desenvolvimento, gest\u00e3o de cargos e sal\u00e1rios e administra\u00e7\u00e3o de pessoal. Aprenda a mediar conflitos, promover a cultura organizacional e garantir o bem-estar dos colaboradores, contribuindo diretamente para o sucesso e o crescimento de qualquer neg\u00f3cio.<\/p>\n","protected":false},"featured_media":1411,"comment_status":"open","ping_status":"closed","template":"","meta":{"site-sidebar-layout":"default","site-content-layout":"","ast-site-content-layout":"default","site-content-style":"default","site-sidebar-style":"default","ast-global-header-display":"","ast-banner-title-visibility":"","ast-main-header-display":"","ast-hfb-above-header-display":"","ast-hfb-below-header-display":"","ast-hfb-mobile-header-display":"","site-post-title":"","ast-breadcrumbs-content":"","ast-featured-img":"","footer-sml-layout":"","theme-transparent-header-meta":"default","adv-header-id-meta":"","stick-header-meta":"","header-above-stick-meta":"","header-main-stick-meta":"","header-below-stick-meta":"","astra-migrate-meta-layouts":"set","ast-page-background-enabled":"default","ast-page-background-meta":{"desktop":{"background-color":"var(--ast-global-color-5)","background-image":"","background-repeat":"repeat","background-position":"center center","background-size":"auto","background-attachment":"scroll","background-type":"","background-media":"","overlay-type":"","overlay-color":"","overlay-opacity":"","overlay-gradient":""},"tablet":{"background-color":"","background-image":"","background-repeat":"repeat","background-position":"center center","background-size":"auto","background-attachment":"scroll","background-type":"","background-media":"","overlay-type":"","overlay-color":"","overlay-opacity":"","overlay-gradient":""},"mobile":{"background-color":"","background-image":"","background-repeat":"repeat","background-position":"center center","background-size":"auto","background-attachment":"scroll","background-type":"","background-media":"","overlay-type":"","overlay-color":"","overlay-opacity":"","overlay-gradient":""}},"ast-content-background-meta":{"desktop":{"background-color":"var(--ast-global-color-4)","background-image":"","background-repeat":"repeat","background-position":"center center","background-size":"auto","background-attachment":"scroll","background-type":"","background-media":"","overlay-type":"","overlay-color":"","overlay-opacity":"","overlay-gradient":""},"tablet":{"background-color":"var(--ast-global-color-4)","background-image":"","background-repeat":"repeat","background-position":"center center","background-size":"auto","background-attachment":"scroll","background-type":"","background-media":"","overlay-type":"","overlay-color":"","overlay-opacity":"","overlay-gradient":""},"mobile":{"background-color":"var(--ast-global-color-4)","background-image":"","background-repeat":"repeat","background-position":"center center","background-size":"auto","background-attachment":"scroll","background-type":"","background-media":"","overlay-type":"","overlay-color":"","overlay-opacity":"","overlay-gradient":""}},"_joinchat":[]},"product_brand":[],"product_cat":[15],"product_tag":[],"class_list":{"0":"post-1410","1":"product","2":"type-product","3":"status-publish","4":"has-post-thumbnail","6":"product_cat-tecnicos","7":"desktop-align-left","8":"tablet-align-left","9":"mobile-align-left","11":"first","12":"instock","13":"downloadable","14":"virtual","15":"product-type-simple"},"_links":{"self":[{"href":"https:\/\/cefeeduca.com.br\/cursos\/wp-json\/wp\/v2\/product\/1410","targetHints":{"allow":["GET"]}}],"collection":[{"href":"https:\/\/cefeeduca.com.br\/cursos\/wp-json\/wp\/v2\/product"}],"about":[{"href":"https:\/\/cefeeduca.com.br\/cursos\/wp-json\/wp\/v2\/types\/product"}],"replies":[{"embeddable":true,"href":"https:\/\/cefeeduca.com.br\/cursos\/wp-json\/wp\/v2\/comments?post=1410"}],"wp:featuredmedia":[{"embeddable":true,"href":"https:\/\/cefeeduca.com.br\/cursos\/wp-json\/wp\/v2\/media\/1411"}],"wp:attachment":[{"href":"https:\/\/cefeeduca.com.br\/cursos\/wp-json\/wp\/v2\/media?parent=1410"}],"wp:term":[{"taxonomy":"product_brand","embeddable":true,"href":"https:\/\/cefeeduca.com.br\/cursos\/wp-json\/wp\/v2\/product_brand?post=1410"},{"taxonomy":"product_cat","embeddable":true,"href":"https:\/\/cefeeduca.com.br\/cursos\/wp-json\/wp\/v2\/product_cat?post=1410"},{"taxonomy":"product_tag","embeddable":true,"href":"https:\/\/cefeeduca.com.br\/cursos\/wp-json\/wp\/v2\/product_tag?post=1410"}],"curies":[{"name":"wp","href":"https:\/\/api.w.org\/{rel}","templated":true}]}}