{"id":1412,"date":"2025-05-16T15:53:11","date_gmt":"2025-05-16T15:53:11","guid":{"rendered":"https:\/\/cefeeduca.com.br\/cursos\/?post_type=product&#038;p=1412"},"modified":"2025-09-17T19:37:37","modified_gmt":"2025-09-17T19:37:37","slug":"tecnico-em-transacoes-imobiliarias-tti","status":"publish","type":"product","link":"https:\/\/cefeeduca.com.br\/cursos\/curso\/tecnico-em-transacoes-imobiliarias-tti\/","title":{"rendered":"T\u00e9cnico em Marketing"},"content":{"rendered":"<table>\n<tbody>\n<tr>\n<td colspan=\"10\" width=\"666\"><strong>\u00a0<\/strong><\/td>\n<\/tr>\n<tr>\n<td width=\"140\"><strong>MODULOS<\/strong><\/td>\n<td colspan=\"6\" width=\"312\"><strong>DISCIPLINA<\/strong><\/td>\n<td width=\"66\"><strong>CH**<\/strong><\/td>\n<td width=\"75\"><strong>CH PRES*<\/strong><\/td>\n<td width=\"74\"><strong>CH TOTAL<\/strong><\/td>\n<\/tr>\n<tr>\n<td rowspan=\"6\" width=\"140\"><strong>\u00a0<\/strong><\/p>\n<p><strong>\u00a0<\/strong><\/p>\n<p><strong>\u00a0<\/strong><\/p>\n<p><strong>\u00a0<\/strong><\/p>\n<p><strong>M\u00d3DULO I<\/strong><\/p>\n<p><strong>fundamenta\u00e7\u00e3o<\/strong><\/td>\n<td colspan=\"6\" width=\"312\">Marketing<\/td>\n<td width=\"66\">63<\/td>\n<td width=\"75\">10<\/td>\n<td rowspan=\"5\" width=\"74\"><\/td>\n<\/tr>\n<tr>\n<td colspan=\"6\" width=\"312\">Marketing e Endomarketing<\/td>\n<td width=\"66\">63<\/td>\n<td width=\"75\">10<\/td>\n<\/tr>\n<tr>\n<td colspan=\"6\" width=\"312\">Estrat\u00e9gias da Comunica\u00e7\u00e3o<\/td>\n<td width=\"66\">63<\/td>\n<td width=\"75\">10<\/td>\n<\/tr>\n<tr>\n<td colspan=\"6\" width=\"312\">Marketing e Sociedade<\/td>\n<td width=\"66\">63<\/td>\n<td width=\"75\">10<\/td>\n<\/tr>\n<tr>\n<td colspan=\"6\" width=\"312\">Portugu\u00eas Instrumental<\/td>\n<td width=\"66\">63<\/td>\n<td width=\"75\">10<\/td>\n<\/tr>\n<tr>\n<td colspan=\"6\" width=\"312\"><strong>TOTAL CARGA HOR\u00c1RIA M\u00d3DULO I<\/strong><\/td>\n<td width=\"66\"><strong>315<\/strong><\/td>\n<td width=\"75\"><strong>50<\/strong><\/td>\n<td width=\"74\"><strong>365<\/strong><\/td>\n<\/tr>\n<tr>\n<td rowspan=\"5\" width=\"140\"><strong>\u00a0<\/strong><\/p>\n<p><strong>\u00a0<\/strong><\/p>\n<p><strong>\u00a0<\/strong><\/p>\n<p><strong>M\u00d3DULO II<\/strong><\/p>\n<p><strong>T\u00e9cnico<\/strong><\/td>\n<td colspan=\"6\" width=\"312\">Sistema Comunicativo nas Organiza\u00e7\u00f5es<\/td>\n<td width=\"66\">63<\/td>\n<td width=\"75\">10<\/td>\n<td rowspan=\"4\" width=\"74\"><\/td>\n<\/tr>\n<tr>\n<td colspan=\"6\" width=\"312\">Marketing Digital<\/td>\n<td width=\"66\">63<\/td>\n<td width=\"75\">10<\/td>\n<\/tr>\n<tr>\n<td colspan=\"6\" width=\"312\">Comunica\u00e7\u00e3o Corporativa<\/td>\n<td width=\"66\">63<\/td>\n<td width=\"75\">10<\/td>\n<\/tr>\n<tr>\n<td colspan=\"6\" width=\"312\">Comunica\u00e7\u00e3o Interpessoal<\/td>\n<td width=\"66\">63<\/td>\n<td width=\"75\">10<\/td>\n<\/tr>\n<tr>\n<td colspan=\"6\" width=\"312\"><strong>TOTAL CARGA HOR\u00c1RIA M\u00d3DULO II<\/strong><\/td>\n<td width=\"66\"><strong>252<\/strong><\/td>\n<td width=\"75\"><strong>40<\/strong><\/td>\n<td width=\"74\"><strong>292<\/strong><\/td>\n<\/tr>\n<tr>\n<td rowspan=\"5\" width=\"140\"><strong>\u00a0<\/strong><\/p>\n<p><strong>\u00a0<\/strong><\/p>\n<p><strong>\u00a0<\/strong><\/p>\n<p><strong>M\u00d3DULO III<\/strong><\/p>\n<p><strong>complementar<\/strong><\/td>\n<td colspan=\"6\" width=\"312\">Marketing Pessoal<\/td>\n<td width=\"66\">63<\/td>\n<td width=\"75\">10<\/td>\n<td rowspan=\"4\" width=\"74\"><\/td>\n<\/tr>\n<tr>\n<td colspan=\"6\" width=\"312\">Sistema de Informa\u00e7\u00f5es Gerenciais e Marketing Estrat\u00e9gico<\/td>\n<td width=\"66\">63<\/td>\n<td width=\"75\">10<\/td>\n<\/tr>\n<tr>\n<td colspan=\"6\" width=\"312\">Direito do Consumidor<\/td>\n<td width=\"66\">63<\/td>\n<td width=\"75\">10<\/td>\n<\/tr>\n<tr>\n<td colspan=\"6\" width=\"312\">Comunica\u00e7\u00e3o Eficaz<\/td>\n<td width=\"66\">63<\/td>\n<td width=\"75\">10<\/td>\n<\/tr>\n<tr>\n<td colspan=\"6\" width=\"312\"><strong>TOTAL CARGA HOR\u00c1RIA M\u00d3DULO III<\/strong><\/td>\n<td width=\"66\"><strong>252<\/strong><\/td>\n<td width=\"75\"><strong>40<\/strong><\/td>\n<td width=\"74\"><strong>292<\/strong><\/td>\n<\/tr>\n<tr>\n<td width=\"140\"><strong>M\u00d3DULO IV<\/strong><\/td>\n<td colspan=\"6\" width=\"312\">Estudo Dirigido<\/td>\n<td width=\"66\"><strong>10<\/strong><\/td>\n<td width=\"75\"><strong>40<\/strong><\/td>\n<td width=\"74\"><strong>50<\/strong><\/td>\n<\/tr>\n<tr>\n<td colspan=\"2\" width=\"155\"><strong>CARGA\u00a0\u00a0\u00a0 HORARIA MARKETING<\/strong><\/td>\n<td width=\"66\"><strong>TOTAL<\/strong><\/td>\n<td width=\"39\"><strong>DO<\/strong><\/td>\n<td width=\"70\"><strong>CURSO<\/strong><\/td>\n<td width=\"83\"><strong>T\u00c9CNICO<\/strong><\/td>\n<td width=\"38\"><strong>EM<\/strong><\/td>\n<td width=\"66\"><strong>829<\/strong><\/td>\n<td width=\"75\"><strong>170<\/strong><\/td>\n<td width=\"74\"><strong>999<\/strong><\/td>\n<\/tr>\n<\/tbody>\n<\/table>\n","protected":false},"excerpt":{"rendered":"<p>Impulsione marcas e conquiste mercados com o curso T\u00e9cnico em Marketing. Voc\u00ea aprender\u00e1 a identificar oportunidades, analisar o comportamento do consumidor, criar estrat\u00e9gias de comunica\u00e7\u00e3o e gerenciar campanhas de sucesso em m\u00eddias tradicionais e digitais. Torne-se um especialista em publicidade, branding e m\u00eddias sociais, pronto para atuar em ag\u00eancias, empresas ou como consultor.<\/p>\n","protected":false},"featured_media":1481,"comment_status":"open","ping_status":"closed","template":"","meta":{"site-sidebar-layout":"default","site-content-layout":"","ast-site-content-layout":"default","site-content-style":"default","site-sidebar-style":"default","ast-global-header-display":"","ast-banner-title-visibility":"","ast-main-header-display":"","ast-hfb-above-header-display":"","ast-hfb-below-header-display":"","ast-hfb-mobile-header-display":"","site-post-title":"","ast-breadcrumbs-content":"","ast-featured-img":"","footer-sml-layout":"","theme-transparent-header-meta":"default","adv-header-id-meta":"","stick-header-meta":"","header-above-stick-meta":"","header-main-stick-meta":"","header-below-stick-meta":"","astra-migrate-meta-layouts":"set","ast-page-background-enabled":"default","ast-page-background-meta":{"desktop":{"background-color":"var(--ast-global-color-5)","background-image":"","background-repeat":"repeat","background-position":"center center","background-size":"auto","background-attachment":"scroll","background-type":"","background-media":"","overlay-type":"","overlay-color":"","overlay-opacity":"","overlay-gradient":""},"tablet":{"background-color":"","background-image":"","background-repeat":"repeat","background-position":"center center","background-size":"auto","background-attachment":"scroll","background-type":"","background-media":"","overlay-type":"","overlay-color":"","overlay-opacity":"","overlay-gradient":""},"mobile":{"background-color":"","background-image":"","background-repeat":"repeat","background-position":"center center","background-size":"auto","background-attachment":"scroll","background-type":"","background-media":"","overlay-type":"","overlay-color":"","overlay-opacity":"","overlay-gradient":""}},"ast-content-background-meta":{"desktop":{"background-color":"var(--ast-global-color-4)","background-image":"","background-repeat":"repeat","background-position":"center center","background-size":"auto","background-attachment":"scroll","background-type":"","background-media":"","overlay-type":"","overlay-color":"","overlay-opacity":"","overlay-gradient":""},"tablet":{"background-color":"var(--ast-global-color-4)","background-image":"","background-repeat":"repeat","background-position":"center center","background-size":"auto","background-attachment":"scroll","background-type":"","background-media":"","overlay-type":"","overlay-color":"","overlay-opacity":"","overlay-gradient":""},"mobile":{"background-color":"var(--ast-global-color-4)","background-image":"","background-repeat":"repeat","background-position":"center center","background-size":"auto","background-attachment":"scroll","background-type":"","background-media":"","overlay-type":"","overlay-color":"","overlay-opacity":"","overlay-gradient":""}},"_joinchat":[]},"product_brand":[],"product_cat":[15],"product_tag":[],"class_list":{"0":"post-1412","1":"product","2":"type-product","3":"status-publish","4":"has-post-thumbnail","6":"product_cat-tecnicos","7":"desktop-align-left","8":"tablet-align-left","9":"mobile-align-left","11":"first","12":"instock","13":"downloadable","14":"virtual","15":"product-type-simple"},"_links":{"self":[{"href":"https:\/\/cefeeduca.com.br\/cursos\/wp-json\/wp\/v2\/product\/1412","targetHints":{"allow":["GET"]}}],"collection":[{"href":"https:\/\/cefeeduca.com.br\/cursos\/wp-json\/wp\/v2\/product"}],"about":[{"href":"https:\/\/cefeeduca.com.br\/cursos\/wp-json\/wp\/v2\/types\/product"}],"replies":[{"embeddable":true,"href":"https:\/\/cefeeduca.com.br\/cursos\/wp-json\/wp\/v2\/comments?post=1412"}],"wp:featuredmedia":[{"embeddable":true,"href":"https:\/\/cefeeduca.com.br\/cursos\/wp-json\/wp\/v2\/media\/1481"}],"wp:attachment":[{"href":"https:\/\/cefeeduca.com.br\/cursos\/wp-json\/wp\/v2\/media?parent=1412"}],"wp:term":[{"taxonomy":"product_brand","embeddable":true,"href":"https:\/\/cefeeduca.com.br\/cursos\/wp-json\/wp\/v2\/product_brand?post=1412"},{"taxonomy":"product_cat","embeddable":true,"href":"https:\/\/cefeeduca.com.br\/cursos\/wp-json\/wp\/v2\/product_cat?post=1412"},{"taxonomy":"product_tag","embeddable":true,"href":"https:\/\/cefeeduca.com.br\/cursos\/wp-json\/wp\/v2\/product_tag?post=1412"}],"curies":[{"name":"wp","href":"https:\/\/api.w.org\/{rel}","templated":true}]}}