{"id":1416,"date":"2025-05-16T15:58:31","date_gmt":"2025-05-16T15:58:31","guid":{"rendered":"https:\/\/cefeeduca.com.br\/cursos\/?post_type=product&#038;p=1416"},"modified":"2025-09-17T19:34:08","modified_gmt":"2025-09-17T19:34:08","slug":"tecnico-em-transacoes-imobiliarias-tti-2","status":"publish","type":"product","link":"https:\/\/cefeeduca.com.br\/cursos\/curso\/tecnico-em-transacoes-imobiliarias-tti-2\/","title":{"rendered":"T\u00e9cnico em Transa\u00e7\u00f5es Imobili\u00e1rias &#8211; TTI"},"content":{"rendered":"<table class=\"table table-bordered\">\n<thead>\n<tr>\n<th><strong>M\u00d3DULOS<\/strong><\/th>\n<th style=\"text-align: left;\">\u00a0<strong>DISCIPLINA<\/strong><\/th>\n<th style=\"text-align: center;\"><strong>CH**<\/strong><\/th>\n<th style=\"text-align: center;\"><strong>CH PRES*<\/strong><\/th>\n<th style=\"text-align: center;\"><strong>CH TOTAL<\/strong><\/th>\n<\/tr>\n<\/thead>\n<tbody>\n<tr>\n<td colspan=\"5\"><b>M\u00d3DULO I: No\u00e7\u00f5es do Direito<\/b><\/td>\n<\/tr>\n<tr>\n<td><\/td>\n<td>Direito Geral e Empresarial<\/td>\n<td style=\"text-align: center;\">40<\/td>\n<td style=\"text-align: center;\">2<\/td>\n<td style=\"text-align: center;\">42<\/td>\n<\/tr>\n<tr>\n<td><\/td>\n<td>Direito Imobili\u00e1rio<\/td>\n<td style=\"text-align: center;\">40<\/td>\n<td style=\"text-align: center;\">2<\/td>\n<td style=\"text-align: center;\">42<\/td>\n<\/tr>\n<tr>\n<td colspan=\"2\"><b>TOTAL CARGA HOR\u00c1RIA M\u00d3DULO I<\/b><\/td>\n<td style=\"text-align: center;\"><b>80<\/b><\/td>\n<td style=\"text-align: center;\"><b>4<\/b><\/td>\n<td style=\"text-align: center;\"><b>84<\/b><\/td>\n<\/tr>\n<tr>\n<td colspan=\"5\"><b>M\u00d3DULO II: No\u00e7\u00f5es de Administra\u00e7\u00e3o<\/b><\/td>\n<\/tr>\n<tr>\n<td><\/td>\n<td>Administra\u00e7\u00e3o de Im\u00f3veis e Loca\u00e7\u00e3o<\/td>\n<td style=\"text-align: center;\">100<\/td>\n<td style=\"text-align: center;\">2<\/td>\n<td style=\"text-align: center;\">102<\/td>\n<\/tr>\n<tr>\n<td><\/td>\n<td>Administra\u00e7\u00e3o de Vendas<\/td>\n<td style=\"text-align: center;\">40<\/td>\n<td style=\"text-align: center;\">2<\/td>\n<td style=\"text-align: center;\">42<\/td>\n<\/tr>\n<tr>\n<td><\/td>\n<td>\u00c9tica e Responsabilidade Social<\/td>\n<td style=\"text-align: center;\">40<\/td>\n<td style=\"text-align: center;\">2<\/td>\n<td style=\"text-align: center;\">42<\/td>\n<\/tr>\n<tr>\n<td><\/td>\n<td>Intelig\u00eancia Artificial<\/td>\n<td style=\"text-align: center;\">40<\/td>\n<td style=\"text-align: center;\">2<\/td>\n<td style=\"text-align: center;\">42<\/td>\n<\/tr>\n<tr>\n<td colspan=\"2\"><b>TOTAL CARGA HOR\u00c1RIA M\u00d3DULO II<\/b><\/td>\n<td style=\"text-align: center;\"><b>220<\/b><\/td>\n<td style=\"text-align: center;\"><b>8<\/b><\/td>\n<td style=\"text-align: center;\"><b>228<\/b><\/td>\n<\/tr>\n<tr>\n<td colspan=\"5\"><b>M\u00d3DULO III: T\u00e9cnico<\/b><\/td>\n<\/tr>\n<tr>\n<td><\/td>\n<td>Parcelamento de Solo e Suas Formas Diversas<\/td>\n<td style=\"text-align: center;\">100<\/td>\n<td style=\"text-align: center;\">2<\/td>\n<td style=\"text-align: center;\">102<\/td>\n<\/tr>\n<tr>\n<td><\/td>\n<td>Tipos de Projetos Arquitet\u00f4nicos<\/td>\n<td style=\"text-align: center;\">60<\/td>\n<td style=\"text-align: center;\">2<\/td>\n<td style=\"text-align: center;\">62<\/td>\n<\/tr>\n<tr>\n<td><\/td>\n<td>Planejamento Urbano e Meio Ambiente<\/td>\n<td style=\"text-align: center;\">80<\/td>\n<td style=\"text-align: center;\">2<\/td>\n<td style=\"text-align: center;\">82<\/td>\n<\/tr>\n<tr>\n<td colspan=\"2\"><b>TOTAL CARGA HOR\u00c1RIA M\u00d3DULO III<\/b><\/td>\n<td style=\"text-align: center;\"><b>240<\/b><\/td>\n<td style=\"text-align: center;\"><b>6<\/b><\/td>\n<td style=\"text-align: center;\"><b>246<\/b><\/td>\n<\/tr>\n<tr>\n<td colspan=\"5\"><b>M\u00d3DULO IV: Comunica\u00e7\u00e3o Social<\/b><\/td>\n<\/tr>\n<tr>\n<td><\/td>\n<td>Marketing Digital e as Novas M\u00eddias<\/td>\n<td style=\"text-align: center;\">40<\/td>\n<td style=\"text-align: center;\">2<\/td>\n<td style=\"text-align: center;\">42<\/td>\n<\/tr>\n<tr>\n<td><\/td>\n<td>Comportamento do Consumidor<\/td>\n<td style=\"text-align: center;\">40<\/td>\n<td style=\"text-align: center;\">2<\/td>\n<td style=\"text-align: center;\">42<\/td>\n<\/tr>\n<tr>\n<td><\/td>\n<td>Portugu\u00eas Instrumental \/ Reda\u00e7\u00e3o Empresarial<\/td>\n<td style=\"text-align: center;\">60<\/td>\n<td style=\"text-align: center;\">2<\/td>\n<td style=\"text-align: center;\">62<\/td>\n<\/tr>\n<tr>\n<td colspan=\"2\"><b>TOTAL CARGA HOR\u00c1RIA M\u00d3DULO IV<\/b><\/td>\n<td style=\"text-align: center;\"><b>140<\/b><\/td>\n<td style=\"text-align: center;\"><b>6<\/b><\/td>\n<td style=\"text-align: center;\"><b>146<\/b><\/td>\n<\/tr>\n<tr>\n<td colspan=\"5\"><b>M\u00d3DULO V: Empreendedorismo<\/b><\/td>\n<\/tr>\n<tr>\n<td><\/td>\n<td>Empreendedorismo e Inova\u00e7\u00e3o<\/td>\n<td style=\"text-align: center;\">40<\/td>\n<td style=\"text-align: center;\">2<\/td>\n<td style=\"text-align: center;\">42<\/td>\n<\/tr>\n<tr>\n<td><\/td>\n<td>Educa\u00e7\u00e3o Financeira<\/td>\n<td style=\"text-align: center;\">60<\/td>\n<td style=\"text-align: center;\">2<\/td>\n<td style=\"text-align: center;\">62<\/td>\n<\/tr>\n<tr>\n<td><\/td>\n<td>Economia e Mercado<\/td>\n<td style=\"text-align: center;\">20<\/td>\n<td style=\"text-align: center;\">2<\/td>\n<td style=\"text-align: center;\">22<\/td>\n<\/tr>\n<tr>\n<td colspan=\"2\"><b>TOTAL CARGA HOR\u00c1RIA M\u00d3DULO V<\/b><\/td>\n<td style=\"text-align: center;\"><b>120<\/b><\/td>\n<td style=\"text-align: center;\"><b>6<\/b><\/td>\n<td style=\"text-align: center;\"><b>126<\/b><\/td>\n<\/tr>\n<tr>\n<td colspan=\"5\"><b>M\u00d3DULO VI: Est\u00e1gio<\/b><\/td>\n<\/tr>\n<tr>\n<td><\/td>\n<td>Est\u00e1gio Profissional Supervisionado<\/td>\n<td style=\"text-align: center;\"><\/td>\n<td style=\"text-align: center;\">170<\/td>\n<td style=\"text-align: center;\">170<\/td>\n<\/tr>\n<tr>\n<td><\/td>\n<td>Relat\u00f3rio do Est\u00e1gio Profissional Supervisionado<\/td>\n<td style=\"text-align: center;\">40<\/td>\n<td style=\"text-align: center;\"><\/td>\n<td style=\"text-align: center;\">40<\/td>\n<\/tr>\n<tr>\n<td colspan=\"2\"><b>TOTAL CARGA HOR\u00c1RIA M\u00d3DULO VI<\/b><\/td>\n<td style=\"text-align: center;\"><b>40<\/b><\/td>\n<td style=\"text-align: center;\"><b>170<\/b><\/td>\n<td style=\"text-align: center;\"><b>210<\/b><\/td>\n<\/tr>\n<tr style=\"background-color: #f2f2f2;\">\n<td colspan=\"2\"><b>CARGA HOR\u00c1RIA TOTAL DO CURSO T\u00c9CNICO EM TRANSA\u00c7\u00d5ES IMOBILI\u00c1RIAS<\/b><\/td>\n<td style=\"text-align: center;\"><b>840<\/b><\/td>\n<td style=\"text-align: center;\"><b>200<\/b><\/td>\n<td style=\"text-align: center;\"><b>1040<\/b><\/td>\n<\/tr>\n<\/tbody>\n<\/table>\n<p>&nbsp;<\/p>\n","protected":false},"excerpt":{"rendered":"<p><span style=\"font-size: 16px;\">Torne-se um profissional qualificado para atuar no mercado imobili\u00e1rio. O curso de T\u00e9cnico em Transa\u00e7\u00f5es Imobili\u00e1rias prepara voc\u00ea para realizar a compra, venda, loca\u00e7\u00e3o e avalia\u00e7\u00e3o de im\u00f3veis, al\u00e9m de oferecer conhecimentos em direito imobili\u00e1rio, administra\u00e7\u00e3o e marketing digital. \u00c9 o caminho ideal para quem busca uma carreira din\u00e2mica e com alto potencial de crescimento.<\/span><\/p>\n","protected":false},"featured_media":1413,"comment_status":"open","ping_status":"closed","template":"","meta":{"site-sidebar-layout":"default","site-content-layout":"","ast-site-content-layout":"default","site-content-style":"default","site-sidebar-style":"default","ast-global-header-display":"","ast-banner-title-visibility":"","ast-main-header-display":"","ast-hfb-above-header-display":"","ast-hfb-below-header-display":"","ast-hfb-mobile-header-display":"","site-post-title":"","ast-breadcrumbs-content":"","ast-featured-img":"","footer-sml-layout":"","theme-transparent-header-meta":"default","adv-header-id-meta":"","stick-header-meta":"","header-above-stick-meta":"","header-main-stick-meta":"","header-below-stick-meta":"","astra-migrate-meta-layouts":"set","ast-page-background-enabled":"default","ast-page-background-meta":{"desktop":{"background-color":"var(--ast-global-color-5)","background-image":"","background-repeat":"repeat","background-position":"center center","background-size":"auto","background-attachment":"scroll","background-type":"","background-media":"","overlay-type":"","overlay-color":"","overlay-opacity":"","overlay-gradient":""},"tablet":{"background-color":"","background-image":"","background-repeat":"repeat","background-position":"center center","background-size":"auto","background-attachment":"scroll","background-type":"","background-media":"","overlay-type":"","overlay-color":"","overlay-opacity":"","overlay-gradient":""},"mobile":{"background-color":"","background-image":"","background-repeat":"repeat","background-position":"center center","background-size":"auto","background-attachment":"scroll","background-type":"","background-media":"","overlay-type":"","overlay-color":"","overlay-opacity":"","overlay-gradient":""}},"ast-content-background-meta":{"desktop":{"background-color":"var(--ast-global-color-4)","background-image":"","background-repeat":"repeat","background-position":"center center","background-size":"auto","background-attachment":"scroll","background-type":"","background-media":"","overlay-type":"","overlay-color":"","overlay-opacity":"","overlay-gradient":""},"tablet":{"background-color":"var(--ast-global-color-4)","background-image":"","background-repeat":"repeat","background-position":"center center","background-size":"auto","background-attachment":"scroll","background-type":"","background-media":"","overlay-type":"","overlay-color":"","overlay-opacity":"","overlay-gradient":""},"mobile":{"background-color":"var(--ast-global-color-4)","background-image":"","background-repeat":"repeat","background-position":"center center","background-size":"auto","background-attachment":"scroll","background-type":"","background-media":"","overlay-type":"","overlay-color":"","overlay-opacity":"","overlay-gradient":""}},"_joinchat":[]},"product_brand":[],"product_cat":[15],"product_tag":[],"class_list":{"0":"post-1416","1":"product","2":"type-product","3":"status-publish","4":"has-post-thumbnail","6":"product_cat-tecnicos","7":"desktop-align-left","8":"tablet-align-left","9":"mobile-align-left","11":"first","12":"instock","13":"downloadable","14":"virtual","15":"product-type-simple"},"_links":{"self":[{"href":"https:\/\/cefeeduca.com.br\/cursos\/wp-json\/wp\/v2\/product\/1416","targetHints":{"allow":["GET"]}}],"collection":[{"href":"https:\/\/cefeeduca.com.br\/cursos\/wp-json\/wp\/v2\/product"}],"about":[{"href":"https:\/\/cefeeduca.com.br\/cursos\/wp-json\/wp\/v2\/types\/product"}],"replies":[{"embeddable":true,"href":"https:\/\/cefeeduca.com.br\/cursos\/wp-json\/wp\/v2\/comments?post=1416"}],"wp:featuredmedia":[{"embeddable":true,"href":"https:\/\/cefeeduca.com.br\/cursos\/wp-json\/wp\/v2\/media\/1413"}],"wp:attachment":[{"href":"https:\/\/cefeeduca.com.br\/cursos\/wp-json\/wp\/v2\/media?parent=1416"}],"wp:term":[{"taxonomy":"product_brand","embeddable":true,"href":"https:\/\/cefeeduca.com.br\/cursos\/wp-json\/wp\/v2\/product_brand?post=1416"},{"taxonomy":"product_cat","embeddable":true,"href":"https:\/\/cefeeduca.com.br\/cursos\/wp-json\/wp\/v2\/product_cat?post=1416"},{"taxonomy":"product_tag","embeddable":true,"href":"https:\/\/cefeeduca.com.br\/cursos\/wp-json\/wp\/v2\/product_tag?post=1416"}],"curies":[{"name":"wp","href":"https:\/\/api.w.org\/{rel}","templated":true}]}}