{"id":1418,"date":"2025-05-16T16:00:55","date_gmt":"2025-05-16T16:00:55","guid":{"rendered":"https:\/\/cefeeduca.com.br\/cursos\/?post_type=product&#038;p=1418"},"modified":"2025-09-17T19:36:50","modified_gmt":"2025-09-17T19:36:50","slug":"tecnico-em-guia-de-turismo","status":"publish","type":"product","link":"https:\/\/cefeeduca.com.br\/cursos\/curso\/tecnico-em-guia-de-turismo\/","title":{"rendered":"T\u00e9cnico em Guia de Turismo"},"content":{"rendered":"<table>\n<tbody>\n<tr>\n<td colspan=\"5\" width=\"667\"><strong>\u00a0<\/strong><\/td>\n<\/tr>\n<tr>\n<td width=\"144\"><strong>MODULOS<\/strong><\/td>\n<td width=\"314\"><strong>DISCIPLINA<\/strong><\/td>\n<td width=\"63\"><strong>CH**<\/strong><\/td>\n<td width=\"73\"><strong>CH PRES*<\/strong><\/td>\n<td width=\"73\"><strong>CH TOTAL<\/strong><\/td>\n<\/tr>\n<tr>\n<td rowspan=\"5\" width=\"144\"><strong>\u00a0<\/strong><\/p>\n<p><strong>\u00a0<\/strong><\/p>\n<p><strong>\u00a0<\/strong><\/p>\n<p><strong>M\u00d3DULO I<\/strong><\/p>\n<p><strong>Fundamenta\u00e7\u00e3o<\/strong><\/td>\n<td width=\"314\">Hist\u00f3ria da Arte: Pr\u00e9-hist\u00f3ria \u00e0 arte moderna<\/td>\n<td width=\"63\">58<\/td>\n<td width=\"73\">08<\/td>\n<td rowspan=\"2\" width=\"73\"><\/td>\n<\/tr>\n<tr>\n<td width=\"314\">Fundamentos da Geografia f\u00edsica e geologia<\/td>\n<td width=\"63\">58<\/td>\n<td width=\"73\">08<\/td>\n<\/tr>\n<tr>\n<td width=\"314\">Antropologia Cultural<\/td>\n<td width=\"63\">58<\/td>\n<td width=\"73\">08<\/td>\n<td width=\"73\"><\/td>\n<\/tr>\n<tr>\n<td width=\"314\">Fundamentos do turismo e hospitalidade<\/td>\n<td width=\"63\">78<\/td>\n<td width=\"73\">12<\/td>\n<td width=\"73\"><\/td>\n<\/tr>\n<tr>\n<td width=\"314\"><strong>TOTAL CARGA HOR\u00c1RIA M\u00d3DULO I<\/strong><\/td>\n<td width=\"63\"><strong>252<\/strong><\/td>\n<td width=\"73\"><strong>36<\/strong><\/td>\n<td width=\"73\"><strong>288<\/strong><\/td>\n<\/tr>\n<tr>\n<td rowspan=\"5\" width=\"144\"><strong>\u00a0<\/strong><\/p>\n<p><strong>\u00a0<\/strong><\/p>\n<p><strong>\u00a0<\/strong><\/p>\n<p><strong>M\u00d3DULO II<\/strong><\/p>\n<p><strong>Espec\u00edfico<\/strong><\/td>\n<td width=\"314\">Meio Ambiente, Desenvolvimento e<\/p>\n<p>Sustentabilidade<\/td>\n<td width=\"63\">58<\/td>\n<td width=\"73\">12<\/td>\n<td rowspan=\"4\" width=\"73\"><\/td>\n<\/tr>\n<tr>\n<td width=\"314\">Patrim\u00f4nio Hist\u00f3rico e Cultural no Brasil<\/td>\n<td width=\"63\">58<\/td>\n<td width=\"73\">08<\/td>\n<\/tr>\n<tr>\n<td width=\"314\">Planejamento e Organiza\u00e7\u00e3o de Eventos<\/td>\n<td width=\"63\">58<\/td>\n<td width=\"73\">08<\/td>\n<\/tr>\n<tr>\n<td width=\"314\">Suporte \u00e0 Vida e Primeiros Socorros<\/td>\n<td width=\"63\">58<\/td>\n<td width=\"73\">08<\/td>\n<\/tr>\n<tr>\n<td width=\"314\"><strong>TOTAL CARGA HOR\u00c1RIA M\u00d3DULO II<\/strong><\/td>\n<td width=\"63\"><strong>232<\/strong><\/td>\n<td width=\"73\"><strong>36<\/strong><\/td>\n<td width=\"73\"><strong>268<\/strong><\/td>\n<\/tr>\n<tr>\n<td rowspan=\"5\" width=\"144\"><strong>\u00a0<\/strong><\/p>\n<p><strong>\u00a0<\/strong><\/p>\n<p><strong>\u00a0<\/strong><\/p>\n<p><strong>M\u00d3DULO III<\/strong><\/p>\n<p><strong>linguagens<\/strong><\/td>\n<td width=\"314\">L\u00edngua Brasileira de Sinais<\/td>\n<td width=\"63\">48<\/td>\n<td width=\"73\">06<\/td>\n<td rowspan=\"3\" width=\"73\"><\/td>\n<\/tr>\n<tr>\n<td width=\"314\">L\u00edngua Espanhola Instrumental<\/td>\n<td width=\"63\">48<\/td>\n<td width=\"73\">06<\/td>\n<\/tr>\n<tr>\n<td width=\"314\">Portugu\u00eas Instrumental\/Reda\u00e7\u00e3o Empresarial<\/td>\n<td width=\"63\">58<\/td>\n<td width=\"73\">08<\/td>\n<\/tr>\n<tr>\n<td width=\"314\">Orat\u00f3ria e T\u00e9cnicas de Apresenta\u00e7\u00e3o<\/td>\n<td width=\"63\">58<\/td>\n<td width=\"73\">08<\/td>\n<td width=\"73\"><\/td>\n<\/tr>\n<tr>\n<td width=\"314\"><strong>TOTAL CARGA HOR\u00c1RIA M\u00d3DULO III<\/strong><\/td>\n<td width=\"63\"><strong>212<\/strong><\/td>\n<td width=\"73\"><strong>28<\/strong><\/td>\n<td width=\"73\"><strong>240<\/strong><\/td>\n<\/tr>\n<tr>\n<td rowspan=\"4\" width=\"144\"><strong>\u00a0<\/strong><\/p>\n<p><strong>\u00a0<\/strong><\/p>\n<p><strong>M\u00d3DULO IV<\/strong><\/p>\n<p><strong>Complementar<\/strong><\/td>\n<td width=\"314\">Comportamento do Consumidor e Marketing de Relacionamento<\/td>\n<td width=\"63\">78<\/td>\n<td width=\"73\">12<\/td>\n<td rowspan=\"3\" width=\"73\"><\/td>\n<\/tr>\n<tr>\n<td width=\"314\">Rela\u00e7\u00f5es Interpessoais<\/td>\n<td width=\"63\">48<\/td>\n<td width=\"73\">06<\/td>\n<\/tr>\n<tr>\n<td width=\"314\">Empreendedorismo e Inova\u00e7\u00e3o<\/td>\n<td width=\"63\">58<\/td>\n<td width=\"73\">08<\/td>\n<\/tr>\n<tr>\n<td width=\"314\"><strong>TOTAL CARGA HOR\u00c1RIA M\u00d3DULO IV<\/strong><\/td>\n<td width=\"63\"><strong>184<\/strong><\/td>\n<td width=\"73\"><strong>26<\/strong><\/td>\n<td width=\"73\"><strong>210<\/strong><\/td>\n<\/tr>\n<tr>\n<td width=\"144\"><strong>M\u00d3DULO V<\/strong><\/td>\n<td width=\"314\">Estudo Dirigido<\/td>\n<td width=\"63\"><strong>10<\/strong><\/td>\n<td width=\"73\"><strong>40<\/strong><\/td>\n<td width=\"73\"><strong>50<\/strong><\/td>\n<\/tr>\n<tr>\n<td colspan=\"2\" width=\"458\"><strong>CARGA HORARIA TOTAL DO CURSO T\u00c9CNICO EM GUIA DE TURISMO<\/strong><\/td>\n<td width=\"63\"><strong>890<\/strong><\/td>\n<td width=\"73\"><strong>166<\/strong><\/td>\n<td width=\"73\"><strong>1.056<\/strong><\/td>\n<\/tr>\n<\/tbody>\n<\/table>\n","protected":false},"excerpt":{"rendered":"<p>Explore a paix\u00e3o por viagens e cultura transformando-a em profiss\u00e3o. O curso T\u00e9cnico em Guia de Turismo capacita voc\u00ea para planejar, organizar e conduzir roteiros tur\u00edsticos, apresentando destinos, hist\u00f3ria e curiosidades de forma cativante. Prepare-se para atuar em ag\u00eancias de viagem, hot\u00e9is ou como guia aut\u00f4nomo, criando experi\u00eancias memor\u00e1veis para os viajantes.<\/p>\n","protected":false},"featured_media":1419,"comment_status":"open","ping_status":"closed","template":"","meta":{"site-sidebar-layout":"default","site-content-layout":"","ast-site-content-layout":"default","site-content-style":"default","site-sidebar-style":"default","ast-global-header-display":"","ast-banner-title-visibility":"","ast-main-header-display":"","ast-hfb-above-header-display":"","ast-hfb-below-header-display":"","ast-hfb-mobile-header-display":"","site-post-title":"","ast-breadcrumbs-content":"","ast-featured-img":"","footer-sml-layout":"","theme-transparent-header-meta":"default","adv-header-id-meta":"","stick-header-meta":"","header-above-stick-meta":"","header-main-stick-meta":"","header-below-stick-meta":"","astra-migrate-meta-layouts":"set","ast-page-background-enabled":"default","ast-page-background-meta":{"desktop":{"background-color":"var(--ast-global-color-5)","background-image":"","background-repeat":"repeat","background-position":"center center","background-size":"auto","background-attachment":"scroll","background-type":"","background-media":"","overlay-type":"","overlay-color":"","overlay-opacity":"","overlay-gradient":""},"tablet":{"background-color":"","background-image":"","background-repeat":"repeat","background-position":"center center","background-size":"auto","background-attachment":"scroll","background-type":"","background-media":"","overlay-type":"","overlay-color":"","overlay-opacity":"","overlay-gradient":""},"mobile":{"background-color":"","background-image":"","background-repeat":"repeat","background-position":"center center","background-size":"auto","background-attachment":"scroll","background-type":"","background-media":"","overlay-type":"","overlay-color":"","overlay-opacity":"","overlay-gradient":""}},"ast-content-background-meta":{"desktop":{"background-color":"var(--ast-global-color-4)","background-image":"","background-repeat":"repeat","background-position":"center center","background-size":"auto","background-attachment":"scroll","background-type":"","background-media":"","overlay-type":"","overlay-color":"","overlay-opacity":"","overlay-gradient":""},"tablet":{"background-color":"var(--ast-global-color-4)","background-image":"","background-repeat":"repeat","background-position":"center center","background-size":"auto","background-attachment":"scroll","background-type":"","background-media":"","overlay-type":"","overlay-color":"","overlay-opacity":"","overlay-gradient":""},"mobile":{"background-color":"var(--ast-global-color-4)","background-image":"","background-repeat":"repeat","background-position":"center center","background-size":"auto","background-attachment":"scroll","background-type":"","background-media":"","overlay-type":"","overlay-color":"","overlay-opacity":"","overlay-gradient":""}},"_joinchat":[]},"product_brand":[],"product_cat":[15],"product_tag":[],"class_list":{"0":"post-1418","1":"product","2":"type-product","3":"status-publish","4":"has-post-thumbnail","6":"product_cat-tecnicos","7":"desktop-align-left","8":"tablet-align-left","9":"mobile-align-left","11":"first","12":"instock","13":"downloadable","14":"virtual","15":"product-type-simple"},"_links":{"self":[{"href":"https:\/\/cefeeduca.com.br\/cursos\/wp-json\/wp\/v2\/product\/1418","targetHints":{"allow":["GET"]}}],"collection":[{"href":"https:\/\/cefeeduca.com.br\/cursos\/wp-json\/wp\/v2\/product"}],"about":[{"href":"https:\/\/cefeeduca.com.br\/cursos\/wp-json\/wp\/v2\/types\/product"}],"replies":[{"embeddable":true,"href":"https:\/\/cefeeduca.com.br\/cursos\/wp-json\/wp\/v2\/comments?post=1418"}],"wp:featuredmedia":[{"embeddable":true,"href":"https:\/\/cefeeduca.com.br\/cursos\/wp-json\/wp\/v2\/media\/1419"}],"wp:attachment":[{"href":"https:\/\/cefeeduca.com.br\/cursos\/wp-json\/wp\/v2\/media?parent=1418"}],"wp:term":[{"taxonomy":"product_brand","embeddable":true,"href":"https:\/\/cefeeduca.com.br\/cursos\/wp-json\/wp\/v2\/product_brand?post=1418"},{"taxonomy":"product_cat","embeddable":true,"href":"https:\/\/cefeeduca.com.br\/cursos\/wp-json\/wp\/v2\/product_cat?post=1418"},{"taxonomy":"product_tag","embeddable":true,"href":"https:\/\/cefeeduca.com.br\/cursos\/wp-json\/wp\/v2\/product_tag?post=1418"}],"curies":[{"name":"wp","href":"https:\/\/api.w.org\/{rel}","templated":true}]}}